{"id":235,"date":"2023-05-22T01:07:40","date_gmt":"2023-05-21T23:07:40","guid":{"rendered":"https:\/\/dexeg.de\/dev\/butzbach\/?page_id=235"},"modified":"2023-08-10T08:27:51","modified_gmt":"2023-08-10T06:27:51","slug":"freizeit-familie-soziales","status":"publish","type":"page","link":"https:\/\/dexeg.de\/dev\/butzbach\/freizeit-familie-soziales\/","title":{"rendered":"Freizeit, Familie &#038; Soziales"},"content":{"rendered":"<p>[et_pb_section fb_built=&#8220;1&#8243; _builder_version=&#8220;4.20.2&#8243; _module_preset=&#8220;default&#8220; custom_padding=&#8220;||0px|||&#8220; global_colors_info=&#8220;{}&#8220;][et_pb_row use_custom_gutter=&#8220;on&#8220; _builder_version=&#8220;4.20.2&#8243; _module_preset=&#8220;default&#8220; custom_padding=&#8220;||64px|||&#8220; global_colors_info=&#8220;{}&#8220;][et_pb_column type=&#8220;4_4&#8243; _builder_version=&#8220;4.20.2&#8243; _module_preset=&#8220;default&#8220; global_colors_info=&#8220;{}&#8220;][et_pb_dp_dmb_module_300 image=&#8220;https:\/\/dexeg.de\/dev\/butzbach\/wp-content\/uploads\/2023\/06\/IMG.jpg&#8220; headline=&#8220;Freizeit, Familie &#038; Soziales&#8220; subheadline=&#8220;Butzbach&#8220; dachzeile=&#8220;Butzbach&#8220; text=&#8220;Ferienspiele, Osteraktivwochen, Spiele- und Seniorennachmittage, Seniorenmesse \u2013 Butzbach bietet ein umfangreiches Angebot an Kinderbetreuungseinrichtungen, Schulen, sozialen und gemeinschaftlichen Veranstaltungen f\u00fcr alle Gesellschafts- und Altersgruppen. Nachfolgend finden Sie Adressen, Tipps und weitere Informationen zu den genannten Themen.&#8220; _builder_version=&#8220;4.20.2&#8243; _module_preset=&#8220;default&#8220; global_colors_info=&#8220;{}&#8220;][\/et_pb_dp_dmb_module_300][et_pb_text _builder_version=&#8220;4.20.2&#8243; _module_preset=&#8220;default&#8220; custom_margin=&#8220;41px||||false|false&#8220; global_colors_info=&#8220;{}&#8220;]<\/p>\n<h2>Fachbereiche<\/h2>\n<p>[\/et_pb_text][et_pb_dp_dmb_module_50 _builder_version=&#8220;4.21.0&#8243; _module_preset=&#8220;default&#8220; global_colors_info=&#8220;{}&#8220;][et_pb_dp_dmb_module_50_item tag=&#8220;Familie &#038; Soziales&#8220; active=&#8220;on&#8220; _builder_version=&#8220;4.21.0&#8243; _module_preset=&#8220;default&#8220; global_colors_info=&#8220;{}&#8220;][\/et_pb_dp_dmb_module_50_item][et_pb_dp_dmb_module_50_item tag=&#8220;B\u00fcchereien&#8220; _builder_version=&#8220;4.20.2&#8243; _module_preset=&#8220;default&#8220; global_colors_info=&#8220;{}&#8220;][\/et_pb_dp_dmb_module_50_item][et_pb_dp_dmb_module_50_item tag=&#8220;Gemeinwesenarbeit&#8220; _builder_version=&#8220;4.20.2&#8243; _module_preset=&#8220;default&#8220; global_colors_info=&#8220;{}&#8220;][\/et_pb_dp_dmb_module_50_item][et_pb_dp_dmb_module_50_item tag=&#8220;Kinderrechte&#8220; _builder_version=&#8220;4.20.2&#8243; _module_preset=&#8220;default&#8220; global_colors_info=&#8220;{}&#8220;][\/et_pb_dp_dmb_module_50_item][et_pb_dp_dmb_module_50_item tag=&#8220;Schulen&#8220; _builder_version=&#8220;4.20.2&#8243; _module_preset=&#8220;default&#8220; global_colors_info=&#8220;{}&#8220;][\/et_pb_dp_dmb_module_50_item][et_pb_dp_dmb_module_50_item tag=&#8220;Kinderg\u00e4rten&#8220; _builder_version=&#8220;4.20.2&#8243; _module_preset=&#8220;default&#8220; global_colors_info=&#8220;{}&#8220;][\/et_pb_dp_dmb_module_50_item][et_pb_dp_dmb_module_50_item tag=&#8220;Vereine&#8220; _builder_version=&#8220;4.20.2&#8243; _module_preset=&#8220;default&#8220; global_colors_info=&#8220;{}&#8220;][\/et_pb_dp_dmb_module_50_item][et_pb_dp_dmb_module_50_item tag=&#8220;Seniorenarbeit&#8220; _builder_version=&#8220;4.20.2&#8243; _module_preset=&#8220;default&#8220; global_colors_info=&#8220;{}&#8220;][\/et_pb_dp_dmb_module_50_item][et_pb_dp_dmb_module_50_item tag=&#8220;Soziale Stadt&#8220; _builder_version=&#8220;4.20.2&#8243; _module_preset=&#8220;default&#8220; global_colors_info=&#8220;{}&#8220;][\/et_pb_dp_dmb_module_50_item][et_pb_dp_dmb_module_50_item tag=&#8220;Integration&#8220; _builder_version=&#8220;4.20.2&#8243; _module_preset=&#8220;default&#8220; global_colors_info=&#8220;{}&#8220;][\/et_pb_dp_dmb_module_50_item][\/et_pb_dp_dmb_module_50][\/et_pb_column][\/et_pb_row][\/et_pb_section][et_pb_section fb_built=&#8220;1&#8243; _builder_version=&#8220;4.20.2&#8243; _module_preset=&#8220;default&#8220; custom_padding=&#8220;4px||0px|||&#8220; global_colors_info=&#8220;{}&#8220;][et_pb_row column_structure=&#8220;2_3,1_3&#8243; use_custom_gutter=&#8220;on&#8220; _builder_version=&#8220;4.20.2&#8243; _module_preset=&#8220;default&#8220; global_colors_info=&#8220;{}&#8220;][et_pb_column type=&#8220;2_3&#8243; _builder_version=&#8220;4.20.2&#8243; _module_preset=&#8220;default&#8220; global_colors_info=&#8220;{}&#8220;][dicm_butzbachtextslider title=&#8220;Wir bitten um Beachtung!&#8220; _builder_version=&#8220;4.20.2&#8243; _module_preset=&#8220;default&#8220; global_colors_info=&#8220;{}&#8220;][dicm_butzbachtextslider_child title=&#8220;Stadtb\u00fccherei geschlossen&#8220; text=&#8220;Aus organisatorischen Gr\u00fcnden bleibt die Butzbacher Stadtb\u00fccherei bis einschlie\u00dflich Freitag, den 17.03.2023 geschlossen, teilt die Stadtverwaltung Butzbach mit.&#8220; _builder_version=&#8220;4.20.2&#8243; _module_preset=&#8220;default&#8220; global_colors_info=&#8220;{}&#8220;][\/dicm_butzbachtextslider_child][dicm_butzbachtextslider_child title=&#8220;Stadtb\u00fccherei geschlossen&#8220; text=&#8220;Aus organisatorischen Gr\u00fcnden bleibt die Butzbacher Stadtb\u00fccherei bis einschlie\u00dflich Freitag, den 17.03.2023 geschlossen, teilt die Stadtverwaltung Butzbach mit.&#8220; _builder_version=&#8220;4.20.2&#8243; _module_preset=&#8220;default&#8220; global_colors_info=&#8220;{}&#8220;][\/dicm_butzbachtextslider_child][dicm_butzbachtextslider_child title=&#8220;Stadtb\u00fccherei geschlossen&#8220; text=&#8220;Aus organisatorischen Gr\u00fcnden bleibt die Butzbacher Stadtb\u00fccherei bis einschlie\u00dflich Freitag, den 17.03.2023 geschlossen, teilt die Stadtverwaltung Butzbach mit.&#8220; _builder_version=&#8220;4.20.2&#8243; _module_preset=&#8220;default&#8220; global_colors_info=&#8220;{}&#8220;][\/dicm_butzbachtextslider_child][dicm_butzbachtextslider_child title=&#8220;Stadtb\u00fccherei geschlossen&#8220; text=&#8220;Aus organisatorischen Gr\u00fcnden bleibt die Butzbacher Stadtb\u00fccherei bis einschlie\u00dflich Freitag, den 17.03.2023 geschlossen, teilt die Stadtverwaltung Butzbach mit.&#8220; _builder_version=&#8220;4.20.2&#8243; _module_preset=&#8220;default&#8220; global_colors_info=&#8220;{}&#8220;][\/dicm_butzbachtextslider_child][\/dicm_butzbachtextslider][et_pb_text _builder_version=&#8220;4.20.2&#8243; _module_preset=&#8220;default&#8220; global_colors_info=&#8220;{}&#8220;]<\/p>\n<h2>Aktuelles<\/h2>\n<p>[\/et_pb_text][dicm_butzbachpostgrid button_url_new_window=&#8220;1&#8243; project_categories=&#8220;5&#8243; _builder_version=&#8220;4.20.2&#8243; _module_preset=&#8220;default&#8220; global_colors_info=&#8220;{}&#8220;][\/dicm_butzbachpostgrid][\/et_pb_column][et_pb_column type=&#8220;1_3&#8243; _builder_version=&#8220;4.20.2&#8243; _module_preset=&#8220;default&#8220; global_colors_info=&#8220;{}&#8220;][et_pb_dp_dmb_module_305 _builder_version=&#8220;4.20.2&#8243; _module_preset=&#8220;default&#8220; global_colors_info=&#8220;{}&#8220;][\/et_pb_dp_dmb_module_305][et_pb_text _builder_version=&#8220;4.20.2&#8243; _module_preset=&#8220;default&#8220; custom_margin=&#8220;36px||||false|false&#8220; global_colors_info=&#8220;{}&#8220;]<\/p>\n<h2>Meldungen<\/h2>\n<p>[\/et_pb_text][et_pb_dp_dmb_module_87 _builder_version=&#8220;4.20.2&#8243; _module_preset=&#8220;default&#8220; global_colors_info=&#8220;{}&#8220;][et_pb_dp_dmb_module_87_item title=&#8220;Faselmarkt: Senioren- und Behindertennachmittag am 13.03.2023&#8243; datum=&#8220;2023-03-06 00:00&#8243; _builder_version=&#8220;4.20.2&#8243; _module_preset=&#8220;default&#8220; global_colors_info=&#8220;{}&#8220;][\/et_pb_dp_dmb_module_87_item][et_pb_dp_dmb_module_87_item title=&#8220;Faselmarkt: Senioren- und Behindertennachmittag am 13.03.2023&#8243; datum=&#8220;2023-03-06 00:00&#8243; _builder_version=&#8220;4.20.2&#8243; _module_preset=&#8220;default&#8220; global_colors_info=&#8220;{}&#8220;][\/et_pb_dp_dmb_module_87_item][et_pb_dp_dmb_module_87_item title=&#8220;Faselmarkt: Senioren- und Behindertennachmittag am 13.03.2023&#8243; link=&#8220;@ET-DC@eyJkeW5hbWljIjp0cnVlLCJjb250ZW50IjoicG9zdF9saW5rX3VybCIsInNldHRpbmdzIjp7fX0=@&#8220; datum=&#8220;2023-03-03 00:00&#8243; _builder_version=&#8220;4.20.2&#8243; _dynamic_attributes=&#8220;link&#8220; _module_preset=&#8220;default&#8220; global_colors_info=&#8220;{}&#8220;][\/et_pb_dp_dmb_module_87_item][et_pb_dp_dmb_module_87_item title=&#8220;Faselmarkt: Senioren- und Behindertennachmittag am 13.03.2023&#8243; link=&#8220;@ET-DC@eyJkeW5hbWljIjp0cnVlLCJjb250ZW50IjoicG9zdF9saW5rX3VybCIsInNldHRpbmdzIjp7fX0=@&#8220; datum=&#8220;2023-03-03 00:00&#8243; _builder_version=&#8220;4.20.2&#8243; _dynamic_attributes=&#8220;link&#8220; _module_preset=&#8220;default&#8220; global_colors_info=&#8220;{}&#8220;][\/et_pb_dp_dmb_module_87_item][et_pb_dp_dmb_module_87_item title=&#8220;Faselmarkt: Senioren- und Behindertennachmittag am 13.03.2023&#8243; link=&#8220;@ET-DC@eyJkeW5hbWljIjp0cnVlLCJjb250ZW50IjoicG9zdF9saW5rX3VybCIsInNldHRpbmdzIjp7fX0=@&#8220; datum=&#8220;2023-03-03 00:00&#8243; _builder_version=&#8220;4.20.2&#8243; _dynamic_attributes=&#8220;link&#8220; _module_preset=&#8220;default&#8220; global_colors_info=&#8220;{}&#8220;][\/et_pb_dp_dmb_module_87_item][et_pb_dp_dmb_module_87_item title=&#8220;Faselmarkt: Senioren- und Behindertennachmittag am 13.03.2023&#8243; link=&#8220;@ET-DC@eyJkeW5hbWljIjp0cnVlLCJjb250ZW50IjoicG9zdF9saW5rX3VybCIsInNldHRpbmdzIjp7fX0=@&#8220; datum=&#8220;2023-03-03 00:00&#8243; _builder_version=&#8220;4.20.2&#8243; _dynamic_attributes=&#8220;link&#8220; _module_preset=&#8220;default&#8220; global_colors_info=&#8220;{}&#8220;][\/et_pb_dp_dmb_module_87_item][\/et_pb_dp_dmb_module_87][et_pb_button button_text=&#8220;Stadt Butzbach auf Facebook folgen&#8220; button_alignment=&#8220;left&#8220; disabled_on=&#8220;on|on|on&#8220; module_class=&#8220;btn-facebook&#8220; _builder_version=&#8220;4.20.2&#8243; _module_preset=&#8220;default&#8220; custom_button=&#8220;on&#8220; button_text_size=&#8220;14px&#8220; button_text_color=&#8220;#FFFFFF&#8220; button_bg_color=&#8220;#0C71C3&#8243; button_border_radius=&#8220;8px&#8220; button_icon=&#8220;&#xe0aa;||divi||400&#8243; button_icon_color=&#8220;#FFFFFF&#8220; button_icon_placement=&#8220;left&#8220; button_on_hover=&#8220;off&#8220; disabled=&#8220;on&#8220; global_colors_info=&#8220;{}&#8220;][\/et_pb_button][\/et_pb_column][\/et_pb_row][\/et_pb_section][et_pb_section fb_built=&#8220;1&#8243; module_class=&#8220;pattern&#8220; _builder_version=&#8220;4.20.2&#8243; _module_preset=&#8220;default&#8220; use_background_color_gradient=&#8220;on&#8220; background_color_gradient_direction=&#8220;162deg&#8220; background_color_gradient_stops=&#8220;#c61334 0%|#e09900 100%&#8220; background_image=&#8220;https:\/\/dexeg.de\/dev\/butzbach\/wp-content\/uploads\/2023\/05\/pattern.png&#8220; background_size=&#8220;initial&#8220; background_repeat=&#8220;repeat&#8220; background_blend=&#8220;soft-light&#8220; global_colors_info=&#8220;{}&#8220;][et_pb_row _builder_version=&#8220;4.20.2&#8243; _module_preset=&#8220;default&#8220; global_colors_info=&#8220;{}&#8220;][et_pb_column type=&#8220;4_4&#8243; _builder_version=&#8220;4.20.2&#8243; _module_preset=&#8220;default&#8220; global_colors_info=&#8220;{}&#8220;][et_pb_text _builder_version=&#8220;4.20.2&#8243; _module_preset=&#8220;default&#8220; global_colors_info=&#8220;{}&#8220;]<\/p>\n<h3><span style=\"color: #ffffff;\">Reallabor Demokratikum<\/span><\/h3>\n<p>[\/et_pb_text][dicm_butzbachpostslider title=&#8220;test2&#8243; button_text=&#8220;5,6&#8243; button_url_new_window=&#8220;1&#8243; project_categories=&#8220;5&#8243; _builder_version=&#8220;4.20.2&#8243; _module_preset=&#8220;default&#8220; global_colors_info=&#8220;{}&#8220;]<\/p>\n<p>test<\/p>\n<p>[\/dicm_butzbachpostslider][\/et_pb_column][\/et_pb_row][\/et_pb_section][et_pb_section fb_built=&#8220;1&#8243; admin_label=&#8220;Sektion&#8220; _builder_version=&#8220;4.20.2&#8243; _module_preset=&#8220;default&#8220; global_colors_info=&#8220;{}&#8220;][et_pb_row column_structure=&#8220;2_3,1_3&#8243; _builder_version=&#8220;4.20.2&#8243; _module_preset=&#8220;default&#8220; global_colors_info=&#8220;{}&#8220;][et_pb_column type=&#8220;2_3&#8243; _builder_version=&#8220;4.20.2&#8243; _module_preset=&#8220;default&#8220; global_colors_info=&#8220;{}&#8220;][et_pb_text _builder_version=&#8220;4.20.2&#8243; _module_preset=&#8220;default&#8220; global_colors_info=&#8220;{}&#8220;]<\/p>\n<h2>Aktuelles<\/h2>\n<p>[\/et_pb_text][dicm_butzbachpostgrid button_url_new_window=&#8220;1&#8243; project_categories=&#8220;5&#8243; _builder_version=&#8220;4.20.2&#8243; _module_preset=&#8220;default&#8220; global_colors_info=&#8220;{}&#8220;][\/dicm_butzbachpostgrid][\/et_pb_column][et_pb_column type=&#8220;1_3&#8243; _builder_version=&#8220;4.20.2&#8243; _module_preset=&#8220;default&#8220; global_colors_info=&#8220;{}&#8220;][et_pb_text _builder_version=&#8220;4.20.2&#8243; _module_preset=&#8220;default&#8220; custom_margin=&#8220;||||false|false&#8220; global_colors_info=&#8220;{}&#8220;]<\/p>\n<h2>Weitere Themen<\/h2>\n<p>[\/et_pb_text][et_pb_dp_dmb_module_189 _builder_version=&#8220;4.21.0&#8243; _module_preset=&#8220;default&#8220; hover_enabled=&#8220;0&#8243; global_colors_info=&#8220;{}&#8220; sticky_enabled=&#8220;0&#8243;][et_pb_dp_dmb_module_189_item title=&#8220;B\u00fcrger-Service&#8220; link=&#8220;@ET-DC@eyJkeW5hbWljIjp0cnVlLCJjb250ZW50IjoicG9zdF9saW5rX3VybCIsInNldHRpbmdzIjp7fX0=@&#8220; icon=&#8220;&#x70;||divi||400&#8243; icon_image=&#8220;https:\/\/dexeg.de\/dev\/butzbach\/wp-content\/uploads\/2023\/05\/Layer_1.svg&#8220; _builder_version=&#8220;4.20.2&#8243; _dynamic_attributes=&#8220;link&#8220; _module_preset=&#8220;default&#8220; global_colors_info=&#8220;{}&#8220;][\/et_pb_dp_dmb_module_189_item][et_pb_dp_dmb_module_189_item title=&#8220;Rathaus&#038; Politik&#8220; link=&#8220;@ET-DC@eyJkeW5hbWljIjp0cnVlLCJjb250ZW50IjoicG9zdF9saW5rX3VybCIsInNldHRpbmdzIjp7fX0=@&#8220; icon=&#8220;&#x70;||divi||400&#8243; icon_image=&#8220;https:\/\/dexeg.de\/dev\/butzbach\/wp-content\/uploads\/2023\/05\/icon_2.svg&#8220; _builder_version=&#8220;4.20.2&#8243; _dynamic_attributes=&#8220;link&#8220; _module_preset=&#8220;default&#8220; global_colors_info=&#8220;{}&#8220;][\/et_pb_dp_dmb_module_189_item][et_pb_dp_dmb_module_189_item title=&#8220;Tourismus &#038; Kultur&#8220; link=&#8220;@ET-DC@eyJkeW5hbWljIjp0cnVlLCJjb250ZW50IjoicG9zdF9saW5rX3VybCIsInNldHRpbmdzIjp7fX0=@&#8220; icon=&#8220;&#x70;||divi||400&#8243; icon_image=&#8220;https:\/\/dexeg.de\/dev\/butzbach\/wp-content\/uploads\/2023\/05\/icon_3.svg&#8220; _builder_version=&#8220;4.20.2&#8243; _dynamic_attributes=&#8220;link&#8220; _module_preset=&#8220;default&#8220; global_colors_info=&#8220;{}&#8220;][\/et_pb_dp_dmb_module_189_item][et_pb_dp_dmb_module_189_item title=&#8220;Familie &#038; Soziales&#8220; link=&#8220;@ET-DC@eyJkeW5hbWljIjp0cnVlLCJjb250ZW50IjoicG9zdF9saW5rX3VybCIsInNldHRpbmdzIjp7fX0=@&#8220; icon=&#8220;&#x70;||divi||400&#8243; icon_image=&#8220;https:\/\/dexeg.de\/dev\/butzbach\/wp-content\/uploads\/2023\/05\/icon_4.svg&#8220; _builder_version=&#8220;4.20.2&#8243; _dynamic_attributes=&#8220;link&#8220; _module_preset=&#8220;default&#8220; global_colors_info=&#8220;{}&#8220;][\/et_pb_dp_dmb_module_189_item][et_pb_dp_dmb_module_189_item title=&#8220;Butzbach bewegen&#8220; link=&#8220;@ET-DC@eyJkeW5hbWljIjp0cnVlLCJjb250ZW50IjoicG9zdF9saW5rX3VybCIsInNldHRpbmdzIjp7fX0=@&#8220; icon=&#8220;&#x70;||divi||400&#8243; icon_image=&#8220;https:\/\/dexeg.de\/dev\/butzbach\/wp-content\/uploads\/2023\/05\/icon_5.svg&#8220; _builder_version=&#8220;4.20.2&#8243; _dynamic_attributes=&#8220;link&#8220; _module_preset=&#8220;default&#8220; global_colors_info=&#8220;{}&#8220;][\/et_pb_dp_dmb_module_189_item][\/et_pb_dp_dmb_module_189][\/et_pb_column][\/et_pb_row][\/et_pb_section][et_pb_section fb_built=&#8220;1&#8243; _builder_version=&#8220;4.20.2&#8243; _module_preset=&#8220;default&#8220; background_color=&#8220;rgba(35,35,35,0.05)&#8220; global_colors_info=&#8220;{}&#8220;][et_pb_row _builder_version=&#8220;4.20.2&#8243; _module_preset=&#8220;default&#8220; global_colors_info=&#8220;{}&#8220;][et_pb_column type=&#8220;4_4&#8243; _builder_version=&#8220;4.20.2&#8243; _module_preset=&#8220;default&#8220; global_colors_info=&#8220;{}&#8220;][dicm_butzbachimageslider title=&#8220; 1250 Jahre Butzbach \u2013 Impressionen&#8220; _builder_version=&#8220;4.20.2&#8243; _module_preset=&#8220;default&#8220; global_colors_info=&#8220;{}&#8220;][dicm_butzbachimageslider_child image=&#8220;https:\/\/dexeg.de\/dev\/butzbach\/wp-content\/uploads\/2023\/03\/bernhard-kensy-ktHCPe_875c-unsplash1.jpg&#8220; _builder_version=&#8220;4.20.2&#8243; _module_preset=&#8220;default&#8220; global_colors_info=&#8220;{}&#8220;][\/dicm_butzbachimageslider_child][dicm_butzbachimageslider_child image=&#8220;https:\/\/dexeg.de\/dev\/butzbach\/wp-content\/uploads\/2023\/03\/bernhard-kensy-ktHCPe_875c-unsplash1.jpg&#8220; _builder_version=&#8220;4.20.2&#8243; _module_preset=&#8220;default&#8220; global_colors_info=&#8220;{}&#8220;][\/dicm_butzbachimageslider_child][dicm_butzbachimageslider_child image=&#8220;https:\/\/dexeg.de\/dev\/butzbach\/wp-content\/uploads\/2023\/03\/bernhard-kensy-ktHCPe_875c-unsplash1.jpg&#8220; _builder_version=&#8220;4.20.2&#8243; _module_preset=&#8220;default&#8220; global_colors_info=&#8220;{}&#8220;][\/dicm_butzbachimageslider_child][dicm_butzbachimageslider_child image=&#8220;https:\/\/dexeg.de\/dev\/butzbach\/wp-content\/uploads\/2023\/03\/bernhard-kensy-ktHCPe_875c-unsplash1.jpg&#8220; _builder_version=&#8220;4.20.2&#8243; _module_preset=&#8220;default&#8220; global_colors_info=&#8220;{}&#8220;][\/dicm_butzbachimageslider_child][dicm_butzbachimageslider_child image=&#8220;https:\/\/dexeg.de\/dev\/butzbach\/wp-content\/uploads\/2023\/03\/bernhard-kensy-ktHCPe_875c-unsplash1.jpg&#8220; _builder_version=&#8220;4.20.2&#8243; _module_preset=&#8220;default&#8220; global_colors_info=&#8220;{}&#8220;][\/dicm_butzbachimageslider_child][\/dicm_butzbachimageslider][\/et_pb_column][\/et_pb_row][\/et_pb_section]<\/p>\n","protected":false},"excerpt":{"rendered":"<p>Fachbereiche<div class=\"bu_text-slider\">\n\t\t\t<h3 class=\"dicm-title info-icon\">Wir bitten um Beachtung!<\/h3>\n\t\t\t<div class=\"slider_text mb-5\"><\/div><\/div><div class=\"et_pb_module dicm_butzbachtextslider_child dicm_butzbachtextslider_child_0\">\n\t\t\t\t\n\t\t\t\t\n\t\t\t\t\n\t\t\t\t\n\t\t\t\t\n\t\t\t\t\n\t\t\t\t<div class=\"et_pb_module_inner\">\n\t\t\t\t\t<div><p>Aus organisatorischen Gr\u00fcnden bleibt die Butzbacher Stadtb\u00fccherei bis einschlie\u00dflich Freitag, den 17.03.2023 geschlossen, teilt die Stadtverwaltung Butzbach mit.<\/p><\/div>\n\t\t\t\t<\/div>\n\t\t\t<\/div><div class=\"et_pb_module dicm_butzbachtextslider_child dicm_butzbachtextslider_child_1\">\n\t\t\t\t\n\t\t\t\t\n\t\t\t\t\n\t\t\t\t\n\t\t\t\t\n\t\t\t\t\n\t\t\t\t<div class=\"et_pb_module_inner\">\n\t\t\t\t\t<div><p>Aus organisatorischen Gr\u00fcnden bleibt die Butzbacher Stadtb\u00fccherei bis einschlie\u00dflich Freitag, den 17.03.2023 geschlossen, teilt die Stadtverwaltung Butzbach mit.<\/p><\/div>\n\t\t\t\t<\/div>\n\t\t\t<\/div><div class=\"et_pb_module dicm_butzbachtextslider_child dicm_butzbachtextslider_child_2\">\n\t\t\t\t\n\t\t\t\t\n\t\t\t\t\n\t\t\t\t\n\t\t\t\t\n\t\t\t\t\n\t\t\t\t<div class=\"et_pb_module_inner\">\n\t\t\t\t\t<div><p><\/p><\/div>\n\t\t\t\t<\/div>\n\t\t\t<\/div><\/p>\n","protected":false},"author":1,"featured_media":0,"parent":0,"menu_order":0,"comment_status":"closed","ping_status":"closed","template":"","meta":{"_et_pb_use_builder":"on","_et_pb_old_content":"","_et_gb_content_width":"","footnotes":""},"class_list":["post-235","page","type-page","status-publish","hentry"],"yoast_head":"<!-- This site is optimized with the Yoast SEO plugin v23.4 - https:\/\/yoast.com\/wordpress\/plugins\/seo\/ -->\n<title>Freizeit, Familie &amp; Soziales - Butzbach<\/title>\n<meta name=\"robots\" content=\"index, follow, max-snippet:-1, max-image-preview:large, max-video-preview:-1\" \/>\n<link rel=\"canonical\" href=\"https:\/\/dexeg.de\/dev\/butzbach\/freizeit-familie-soziales\/\" \/>\n<meta property=\"og:locale\" content=\"de_DE\" \/>\n<meta property=\"og:type\" content=\"article\" \/>\n<meta property=\"og:title\" content=\"Freizeit, Familie &amp; Soziales - Butzbach\" \/>\n<meta property=\"og:description\" content=\"Fachbereiche\" \/>\n<meta property=\"og:url\" content=\"https:\/\/dexeg.de\/dev\/butzbach\/freizeit-familie-soziales\/\" \/>\n<meta property=\"og:site_name\" content=\"Butzbach\" \/>\n<meta property=\"article:modified_time\" content=\"2023-08-10T06:27:51+00:00\" \/>\n<meta name=\"twitter:card\" content=\"summary_large_image\" \/>\n<meta name=\"twitter:label1\" content=\"Gesch\u00e4tzte Lesezeit\" \/>\n\t<meta name=\"twitter:data1\" content=\"9\u00a0Minuten\" \/>\n<script type=\"application\/ld+json\" class=\"yoast-schema-graph\">{\"@context\":\"https:\/\/schema.org\",\"@graph\":[{\"@type\":\"WebPage\",\"@id\":\"https:\/\/dexeg.de\/dev\/butzbach\/freizeit-familie-soziales\/\",\"url\":\"https:\/\/dexeg.de\/dev\/butzbach\/freizeit-familie-soziales\/\",\"name\":\"Freizeit, Familie & Soziales - Butzbach\",\"isPartOf\":{\"@id\":\"https:\/\/dexeg.de\/dev\/butzbach\/#website\"},\"datePublished\":\"2023-05-21T23:07:40+00:00\",\"dateModified\":\"2023-08-10T06:27:51+00:00\",\"breadcrumb\":{\"@id\":\"https:\/\/dexeg.de\/dev\/butzbach\/freizeit-familie-soziales\/#breadcrumb\"},\"inLanguage\":\"de\",\"potentialAction\":[{\"@type\":\"ReadAction\",\"target\":[\"https:\/\/dexeg.de\/dev\/butzbach\/freizeit-familie-soziales\/\"]}]},{\"@type\":\"BreadcrumbList\",\"@id\":\"https:\/\/dexeg.de\/dev\/butzbach\/freizeit-familie-soziales\/#breadcrumb\",\"itemListElement\":[{\"@type\":\"ListItem\",\"position\":1,\"name\":\"Butzbach\",\"item\":\"https:\/\/dexeg.de\/dev\/butzbach\/\"},{\"@type\":\"ListItem\",\"position\":2,\"name\":\"Freizeit, Familie &#038; Soziales\"}]},{\"@type\":\"WebSite\",\"@id\":\"https:\/\/dexeg.de\/dev\/butzbach\/#website\",\"url\":\"https:\/\/dexeg.de\/dev\/butzbach\/\",\"name\":\"Butzbach\",\"description\":\"#weidigstadt\",\"potentialAction\":[{\"@type\":\"SearchAction\",\"target\":{\"@type\":\"EntryPoint\",\"urlTemplate\":\"https:\/\/dexeg.de\/dev\/butzbach\/?s={search_term_string}\"},\"query-input\":{\"@type\":\"PropertyValueSpecification\",\"valueRequired\":true,\"valueName\":\"search_term_string\"}}],\"inLanguage\":\"de\"}]}<\/script>\n<!-- \/ Yoast SEO plugin. -->","yoast_head_json":{"title":"Freizeit, Familie & Soziales - Butzbach","robots":{"index":"index","follow":"follow","max-snippet":"max-snippet:-1","max-image-preview":"max-image-preview:large","max-video-preview":"max-video-preview:-1"},"canonical":"https:\/\/dexeg.de\/dev\/butzbach\/freizeit-familie-soziales\/","og_locale":"de_DE","og_type":"article","og_title":"Freizeit, Familie & Soziales - Butzbach","og_description":"Fachbereiche","og_url":"https:\/\/dexeg.de\/dev\/butzbach\/freizeit-familie-soziales\/","og_site_name":"Butzbach","article_modified_time":"2023-08-10T06:27:51+00:00","twitter_card":"summary_large_image","twitter_misc":{"Gesch\u00e4tzte Lesezeit":"9\u00a0Minuten"},"schema":{"@context":"https:\/\/schema.org","@graph":[{"@type":"WebPage","@id":"https:\/\/dexeg.de\/dev\/butzbach\/freizeit-familie-soziales\/","url":"https:\/\/dexeg.de\/dev\/butzbach\/freizeit-familie-soziales\/","name":"Freizeit, Familie & Soziales - Butzbach","isPartOf":{"@id":"https:\/\/dexeg.de\/dev\/butzbach\/#website"},"datePublished":"2023-05-21T23:07:40+00:00","dateModified":"2023-08-10T06:27:51+00:00","breadcrumb":{"@id":"https:\/\/dexeg.de\/dev\/butzbach\/freizeit-familie-soziales\/#breadcrumb"},"inLanguage":"de","potentialAction":[{"@type":"ReadAction","target":["https:\/\/dexeg.de\/dev\/butzbach\/freizeit-familie-soziales\/"]}]},{"@type":"BreadcrumbList","@id":"https:\/\/dexeg.de\/dev\/butzbach\/freizeit-familie-soziales\/#breadcrumb","itemListElement":[{"@type":"ListItem","position":1,"name":"Butzbach","item":"https:\/\/dexeg.de\/dev\/butzbach\/"},{"@type":"ListItem","position":2,"name":"Freizeit, Familie &#038; Soziales"}]},{"@type":"WebSite","@id":"https:\/\/dexeg.de\/dev\/butzbach\/#website","url":"https:\/\/dexeg.de\/dev\/butzbach\/","name":"Butzbach","description":"#weidigstadt","potentialAction":[{"@type":"SearchAction","target":{"@type":"EntryPoint","urlTemplate":"https:\/\/dexeg.de\/dev\/butzbach\/?s={search_term_string}"},"query-input":{"@type":"PropertyValueSpecification","valueRequired":true,"valueName":"search_term_string"}}],"inLanguage":"de"}]}},"_links":{"self":[{"href":"https:\/\/dexeg.de\/dev\/butzbach\/wp-json\/wp\/v2\/pages\/235","targetHints":{"allow":["GET"]}}],"collection":[{"href":"https:\/\/dexeg.de\/dev\/butzbach\/wp-json\/wp\/v2\/pages"}],"about":[{"href":"https:\/\/dexeg.de\/dev\/butzbach\/wp-json\/wp\/v2\/types\/page"}],"author":[{"embeddable":true,"href":"https:\/\/dexeg.de\/dev\/butzbach\/wp-json\/wp\/v2\/users\/1"}],"replies":[{"embeddable":true,"href":"https:\/\/dexeg.de\/dev\/butzbach\/wp-json\/wp\/v2\/comments?post=235"}],"version-history":[{"count":11,"href":"https:\/\/dexeg.de\/dev\/butzbach\/wp-json\/wp\/v2\/pages\/235\/revisions"}],"predecessor-version":[{"id":597,"href":"https:\/\/dexeg.de\/dev\/butzbach\/wp-json\/wp\/v2\/pages\/235\/revisions\/597"}],"wp:attachment":[{"href":"https:\/\/dexeg.de\/dev\/butzbach\/wp-json\/wp\/v2\/media?parent=235"}],"curies":[{"name":"wp","href":"https:\/\/api.w.org\/{rel}","templated":true}]}}